{"id":185,"date":"2024-03-25T08:06:45","date_gmt":"2024-03-25T08:06:45","guid":{"rendered":"https:\/\/www.tzrmetal.com\/?page_id=185"},"modified":"2024-09-20T06:37:56","modified_gmt":"2024-09-20T06:37:56","slug":"metal-products","status":"publish","type":"page","link":"https:\/\/tzrmetal.com\/de\/metal-products\/","title":{"rendered":"Metallerzeugnisse"},"content":{"rendered":"<div data-elementor-type=\"wp-page\" data-elementor-id=\"185\" class=\"elementor elementor-185\" data-elementor-post-type=\"page\">\n\t\t\t\t\t\t<section class=\"elementor-section elementor-top-section elementor-element elementor-element-be625ba elementor-section-boxed elementor-section-height-default elementor-section-height-default\" data-id=\"be625ba\" data-element_type=\"section\" data-e-type=\"section\">\n\t\t\t\t\t\t<div class=\"elementor-container elementor-column-gap-default\">\n\t\t\t\t\t<div class=\"elementor-column elementor-col-100 elementor-top-column elementor-element elementor-element-14ef27c\" data-id=\"14ef27c\" data-element_type=\"column\" data-e-type=\"column\">\n\t\t\t<div class=\"elementor-widget-wrap elementor-element-populated\">\n\t\t\t\t\t\t<div class=\"elementor-element elementor-element-35eee13 elementor-widget elementor-widget-heading\" data-id=\"35eee13\" data-element_type=\"widget\" data-e-type=\"widget\" data-widget_type=\"heading.default\">\n\t\t\t\t<div class=\"elementor-widget-container\">\n\t\t\t\t\t<h2 class=\"elementor-heading-title elementor-size-default\">Hersteller von Metallprodukten - Suchen Sie nicht weiter\n\n<\/h2>\t\t\t\t<\/div>\n\t\t\t\t<\/div>\n\t\t\t\t<div class=\"elementor-element elementor-element-a447130 elementor-widget elementor-widget-text-editor\" data-id=\"a447130\" data-element_type=\"widget\" data-e-type=\"widget\" data-widget_type=\"text-editor.default\">\n\t\t\t\t<div class=\"elementor-widget-container\">\n\t\t\t\t\t\t\t\t\t<p>Entdecken Sie die TZR-Kollektion von sorgf\u00e4ltig gefertigten Metallprodukten. Ob Prototypen oder Gro\u00dfserien, jedes St\u00fcck spiegelt unser Engagement f\u00fcr Qualit\u00e4t und kosteneffiziente L\u00f6sungen in der Blechverarbeitung wider. Wenn Sie einen zuverl\u00e4ssigen und professionellen Partner f\u00fcr die Blechbearbeitung suchen, w\u00e4hlen Sie uns. <a href=\"https:\/\/tzrmetal.com\/de\/contact\/\">Detaillierte Anfrage einreichen<\/a>und wir werden Ihnen umgehend ein umfassendes Angebot unterbreiten.<\/p>\t\t\t\t\t\t\t\t<\/div>\n\t\t\t\t<\/div>\n\t\t\t\t\t<\/div>\n\t\t<\/div>\n\t\t\t\t\t<\/div>\n\t\t<\/section>\n\t\t\t\t<section class=\"elementor-section elementor-top-section elementor-element elementor-element-8e1042a elementor-section-boxed elementor-section-height-default elementor-section-height-default\" data-id=\"8e1042a\" data-element_type=\"section\" data-e-type=\"section\">\n\t\t\t\t\t\t<div class=\"elementor-container elementor-column-gap-default\">\n\t\t\t\t\t<div class=\"elementor-column elementor-col-100 elementor-top-column elementor-element elementor-element-e1ef60d\" data-id=\"e1ef60d\" data-element_type=\"column\" data-e-type=\"column\">\n\t\t\t<div class=\"elementor-widget-wrap elementor-element-populated\">\n\t\t\t\t\t\t<section class=\"elementor-section elementor-inner-section elementor-element elementor-element-69cc284 elementor-section-full_width elementor-section-height-default elementor-section-height-default\" data-id=\"69cc284\" data-element_type=\"section\" data-e-type=\"section\">\n\t\t\t\t\t\t<div class=\"elementor-container elementor-column-gap-default\">\n\t\t\t\t\t<div class=\"elementor-column elementor-col-33 elementor-inner-column elementor-element elementor-element-d6531c2\" data-id=\"d6531c2\" data-element_type=\"column\" data-e-type=\"column\">\n\t\t\t<div class=\"elementor-widget-wrap elementor-element-populated\">\n\t\t\t\t\t\t<div class=\"elementor-element elementor-element-745a159 elementor-widget elementor-widget-image\" data-id=\"745a159\" data-element_type=\"widget\" data-e-type=\"widget\" data-widget_type=\"image.default\">\n\t\t\t\t<div class=\"elementor-widget-container\">\n\t\t\t\t\t\t\t\t\t\t\t\t\t\t\t\t<a href=\"https:\/\/tzrmetal.com\/de\/sheet-metal-enclosure\/\">\n\t\t\t\t\t\t\t<img fetchpriority=\"high\" decoding=\"async\" width=\"1000\" height=\"750\" src=\"https:\/\/tzrmetal.com\/wp-content\/uploads\/2024\/09\/Ventilated-Sheet-Metal-Enclosures.jpg\" class=\"attachment-large size-large wp-image-3087\" alt=\"Bel\u00fcftete Blechgeh\u00e4use\" srcset=\"https:\/\/tzrmetal.com\/wp-content\/uploads\/2024\/09\/Ventilated-Sheet-Metal-Enclosures.jpg 1000w, https:\/\/tzrmetal.com\/wp-content\/uploads\/2024\/09\/Ventilated-Sheet-Metal-Enclosures-300x225.jpg 300w, https:\/\/tzrmetal.com\/wp-content\/uploads\/2024\/09\/Ventilated-Sheet-Metal-Enclosures-768x576.jpg 768w\" sizes=\"(max-width: 1000px) 100vw, 1000px\" \/>\t\t\t\t\t\t\t\t<\/a>\n\t\t\t\t\t\t\t\t\t\t\t\t\t\t\t<\/div>\n\t\t\t\t<\/div>\n\t\t\t\t<div class=\"elementor-element elementor-element-3d3cf33 elementor-widget elementor-widget-heading\" data-id=\"3d3cf33\" data-element_type=\"widget\" data-e-type=\"widget\" data-widget_type=\"heading.default\">\n\t\t\t\t<div class=\"elementor-widget-container\">\n\t\t\t\t\t<h4 class=\"elementor-heading-title elementor-size-default\"><a href=\"https:\/\/tzrmetal.com\/de\/sheet-metal-enclosure\/\">Geh\u00e4use aus Blech<\/a><\/h4>\t\t\t\t<\/div>\n\t\t\t\t<\/div>\n\t\t\t\t\t<\/div>\n\t\t<\/div>\n\t\t\t\t<div class=\"elementor-column elementor-col-33 elementor-inner-column elementor-element elementor-element-07c54c9\" data-id=\"07c54c9\" data-element_type=\"column\" data-e-type=\"column\">\n\t\t\t<div class=\"elementor-widget-wrap elementor-element-populated\">\n\t\t\t\t\t\t<div class=\"elementor-element elementor-element-d6d9d9d elementor-widget elementor-widget-image\" data-id=\"d6d9d9d\" data-element_type=\"widget\" data-e-type=\"widget\" data-widget_type=\"image.default\">\n\t\t\t\t<div class=\"elementor-widget-container\">\n\t\t\t\t\t\t\t\t\t\t\t\t\t\t\t\t<a href=\"https:\/\/tzrmetal.com\/de\/custom-metal-brackets\/\">\n\t\t\t\t\t\t\t<img decoding=\"async\" width=\"1024\" height=\"768\" src=\"https:\/\/tzrmetal.com\/wp-content\/uploads\/2024\/09\/Custom-Metal-Brackets-1024x768.jpg\" class=\"attachment-large size-large wp-image-3146\" alt=\"Kundenspezifische Metallklammern\" srcset=\"https:\/\/tzrmetal.com\/wp-content\/uploads\/2024\/09\/Custom-Metal-Brackets-1024x768.jpg 1024w, https:\/\/tzrmetal.com\/wp-content\/uploads\/2024\/09\/Custom-Metal-Brackets-300x225.jpg 300w, https:\/\/tzrmetal.com\/wp-content\/uploads\/2024\/09\/Custom-Metal-Brackets-768x576.jpg 768w, https:\/\/tzrmetal.com\/wp-content\/uploads\/2024\/09\/Custom-Metal-Brackets-1536x1152.jpg 1536w, https:\/\/tzrmetal.com\/wp-content\/uploads\/2024\/09\/Custom-Metal-Brackets.jpg 2000w\" sizes=\"(max-width: 1024px) 100vw, 1024px\" \/>\t\t\t\t\t\t\t\t<\/a>\n\t\t\t\t\t\t\t\t\t\t\t\t\t\t\t<\/div>\n\t\t\t\t<\/div>\n\t\t\t\t<div class=\"elementor-element elementor-element-ad710cf elementor-widget elementor-widget-heading\" data-id=\"ad710cf\" data-element_type=\"widget\" data-e-type=\"widget\" data-widget_type=\"heading.default\">\n\t\t\t\t<div class=\"elementor-widget-container\">\n\t\t\t\t\t<h4 class=\"elementor-heading-title elementor-size-default\"><a href=\"https:\/\/tzrmetal.com\/de\/custom-metal-brackets\/\">Kundenspezifische Metallklammern<\/a><\/h4>\t\t\t\t<\/div>\n\t\t\t\t<\/div>\n\t\t\t\t\t<\/div>\n\t\t<\/div>\n\t\t\t\t<div class=\"elementor-column elementor-col-33 elementor-inner-column elementor-element elementor-element-2db7f4a\" data-id=\"2db7f4a\" data-element_type=\"column\" data-e-type=\"column\">\n\t\t\t<div class=\"elementor-widget-wrap elementor-element-populated\">\n\t\t\t\t\t\t<div class=\"elementor-element elementor-element-f424a4e elementor-widget elementor-widget-image\" data-id=\"f424a4e\" data-element_type=\"widget\" data-e-type=\"widget\" data-widget_type=\"image.default\">\n\t\t\t\t<div class=\"elementor-widget-container\">\n\t\t\t\t\t\t\t\t\t\t\t\t\t\t\t\t<a href=\"https:\/\/tzrmetal.com\/de\/sheet-metal-cabinets\/\">\n\t\t\t\t\t\t\t<img decoding=\"async\" width=\"800\" height=\"600\" src=\"https:\/\/tzrmetal.com\/wp-content\/uploads\/2024\/06\/Sheet_Metal_Cabinets-removebg-preview_WH_800x600px.jpg\" class=\"attachment-large size-large wp-image-2476\" alt=\"Blechschr\u00e4nke removebg Vorschau WH 800x600px\" srcset=\"https:\/\/tzrmetal.com\/wp-content\/uploads\/2024\/06\/Sheet_Metal_Cabinets-removebg-preview_WH_800x600px.jpg 800w, https:\/\/tzrmetal.com\/wp-content\/uploads\/2024\/06\/Sheet_Metal_Cabinets-removebg-preview_WH_800x600px-300x225.jpg 300w, https:\/\/tzrmetal.com\/wp-content\/uploads\/2024\/06\/Sheet_Metal_Cabinets-removebg-preview_WH_800x600px-768x576.jpg 768w\" sizes=\"(max-width: 800px) 100vw, 800px\" \/>\t\t\t\t\t\t\t\t<\/a>\n\t\t\t\t\t\t\t\t\t\t\t\t\t\t\t<\/div>\n\t\t\t\t<\/div>\n\t\t\t\t<div class=\"elementor-element elementor-element-b15944d elementor-widget elementor-widget-heading\" data-id=\"b15944d\" data-element_type=\"widget\" data-e-type=\"widget\" data-widget_type=\"heading.default\">\n\t\t\t\t<div class=\"elementor-widget-container\">\n\t\t\t\t\t<h4 class=\"elementor-heading-title elementor-size-default\"><a href=\"https:\/\/tzrmetal.com\/de\/sheet-metal-cabinets\/\">Blechschr\u00e4nke<\/a><\/h4>\t\t\t\t<\/div>\n\t\t\t\t<\/div>\n\t\t\t\t\t<\/div>\n\t\t<\/div>\n\t\t\t\t\t<\/div>\n\t\t<\/section>\n\t\t\t\t<section class=\"elementor-section elementor-inner-section elementor-element elementor-element-5b1a243 elementor-section-full_width elementor-section-height-default elementor-section-height-default\" data-id=\"5b1a243\" data-element_type=\"section\" data-e-type=\"section\">\n\t\t\t\t\t\t<div class=\"elementor-container elementor-column-gap-default\">\n\t\t\t\t\t<div class=\"elementor-column elementor-col-33 elementor-inner-column elementor-element elementor-element-7d07b92\" data-id=\"7d07b92\" data-element_type=\"column\" data-e-type=\"column\">\n\t\t\t<div class=\"elementor-widget-wrap elementor-element-populated\">\n\t\t\t\t\t\t<div class=\"elementor-element elementor-element-fc4173b elementor-widget elementor-widget-image\" data-id=\"fc4173b\" data-element_type=\"widget\" data-e-type=\"widget\" data-widget_type=\"image.default\">\n\t\t\t\t<div class=\"elementor-widget-container\">\n\t\t\t\t\t\t\t\t\t\t\t\t\t\t\t\t<a href=\"https:\/\/tzrmetal.com\/de\/metal-chassis\/\">\n\t\t\t\t\t\t\t<img loading=\"lazy\" decoding=\"async\" width=\"1000\" height=\"750\" src=\"https:\/\/tzrmetal.com\/wp-content\/uploads\/2024\/09\/metal-chassis.jpg\" class=\"attachment-large size-large wp-image-3120\" alt=\"Metall-Geh\u00e4use\" srcset=\"https:\/\/tzrmetal.com\/wp-content\/uploads\/2024\/09\/metal-chassis.jpg 1000w, https:\/\/tzrmetal.com\/wp-content\/uploads\/2024\/09\/metal-chassis-300x225.jpg 300w, https:\/\/tzrmetal.com\/wp-content\/uploads\/2024\/09\/metal-chassis-768x576.jpg 768w\" sizes=\"(max-width: 1000px) 100vw, 1000px\" \/>\t\t\t\t\t\t\t\t<\/a>\n\t\t\t\t\t\t\t\t\t\t\t\t\t\t\t<\/div>\n\t\t\t\t<\/div>\n\t\t\t\t<div class=\"elementor-element elementor-element-d473b4a elementor-widget elementor-widget-heading\" data-id=\"d473b4a\" data-element_type=\"widget\" data-e-type=\"widget\" data-widget_type=\"heading.default\">\n\t\t\t\t<div class=\"elementor-widget-container\">\n\t\t\t\t\t<h4 class=\"elementor-heading-title elementor-size-default\"><a href=\"https:\/\/tzrmetal.com\/de\/metal-chassis\/\">Metall-Geh\u00e4use<\/a><\/h4>\t\t\t\t<\/div>\n\t\t\t\t<\/div>\n\t\t\t\t\t<\/div>\n\t\t<\/div>\n\t\t\t\t<div class=\"elementor-column elementor-col-33 elementor-inner-column elementor-element elementor-element-22a26a1\" data-id=\"22a26a1\" data-element_type=\"column\" data-e-type=\"column\">\n\t\t\t<div class=\"elementor-widget-wrap elementor-element-populated\">\n\t\t\t\t\t\t<div class=\"elementor-element elementor-element-9bf058d elementor-widget elementor-widget-image\" data-id=\"9bf058d\" data-element_type=\"widget\" data-e-type=\"widget\" data-widget_type=\"image.default\">\n\t\t\t\t<div class=\"elementor-widget-container\">\n\t\t\t\t\t\t\t\t\t\t\t\t\t\t\t\t<a href=\"https:\/\/tzrmetal.com\/de\/mount-shelf\/\">\n\t\t\t\t\t\t\t<img loading=\"lazy\" decoding=\"async\" width=\"1000\" height=\"750\" src=\"https:\/\/tzrmetal.com\/wp-content\/uploads\/2024\/09\/wall-mounted-Shelf.jpg\" class=\"attachment-large size-large wp-image-3128\" alt=\"wandmontiertes Regal\" srcset=\"https:\/\/tzrmetal.com\/wp-content\/uploads\/2024\/09\/wall-mounted-Shelf.jpg 1000w, https:\/\/tzrmetal.com\/wp-content\/uploads\/2024\/09\/wall-mounted-Shelf-300x225.jpg 300w, https:\/\/tzrmetal.com\/wp-content\/uploads\/2024\/09\/wall-mounted-Shelf-768x576.jpg 768w\" sizes=\"(max-width: 1000px) 100vw, 1000px\" \/>\t\t\t\t\t\t\t\t<\/a>\n\t\t\t\t\t\t\t\t\t\t\t\t\t\t\t<\/div>\n\t\t\t\t<\/div>\n\t\t\t\t<div class=\"elementor-element elementor-element-10eff15 elementor-widget elementor-widget-heading\" data-id=\"10eff15\" data-element_type=\"widget\" data-e-type=\"widget\" data-widget_type=\"heading.default\">\n\t\t\t\t<div class=\"elementor-widget-container\">\n\t\t\t\t\t<h4 class=\"elementor-heading-title elementor-size-default\"><a href=\"https:\/\/tzrmetal.com\/de\/mount-shelf\/\">Regal montieren<\/a><\/h4>\t\t\t\t<\/div>\n\t\t\t\t<\/div>\n\t\t\t\t\t<\/div>\n\t\t<\/div>\n\t\t\t\t<div class=\"elementor-column elementor-col-33 elementor-inner-column elementor-element elementor-element-caa5f08\" data-id=\"caa5f08\" data-element_type=\"column\" data-e-type=\"column\">\n\t\t\t<div class=\"elementor-widget-wrap\">\n\t\t\t\t\t\t\t<\/div>\n\t\t<\/div>\n\t\t\t\t\t<\/div>\n\t\t<\/section>\n\t\t\t\t\t<\/div>\n\t\t<\/div>\n\t\t\t\t\t<\/div>\n\t\t<\/section>\n\t\t\t\t<\/div>","protected":false},"excerpt":{"rendered":"<p>Hersteller von Metallprodukten - Suchen Sie nicht weiter Entdecken Sie die Kollektion sorgf\u00e4ltig gefertigter Metallprodukte von TZR. Ob Prototypen oder Gro\u00dfserien, jedes St\u00fcck spiegelt unser Engagement f\u00fcr Qualit\u00e4t und kosteneffiziente L\u00f6sungen in der Blechverarbeitung wider. Wenn Sie einen zuverl\u00e4ssigen und professionellen Partner f\u00fcr die Blechbearbeitung suchen, w\u00e4hlen Sie uns. Senden Sie uns eine detaillierte Anfrage, und wir werden Ihnen umgehend [...]<\/p>","protected":false},"author":4,"featured_media":0,"parent":0,"menu_order":6,"comment_status":"closed","ping_status":"closed","template":"","meta":{"_acf_changed":false,"footnotes":""},"class_list":["post-185","page","type-page","status-publish","hentry"],"acf":[],"yoast_head":"<!-- This site is optimized with the Yoast SEO plugin v22.3 - https:\/\/yoast.com\/wordpress\/plugins\/seo\/ -->\n<title>Metal Products - TZR Sheet Metal<\/title>\n<meta name=\"robots\" content=\"index, follow, max-snippet:-1, max-image-preview:large, max-video-preview:-1\" \/>\n<link rel=\"canonical\" href=\"https:\/\/tzrmetal.com\/de\/metal-products\/\" \/>\n<meta property=\"og:locale\" content=\"de_DE\" \/>\n<meta property=\"og:type\" content=\"article\" \/>\n<meta property=\"og:title\" content=\"Metal Products - TZR Sheet Metal\" \/>\n<meta property=\"og:description\" content=\"Metal Products Manufacturer \u2014 Look No Further Discover TZR&#8217;s collection of meticulously crafted metal products. Whether it&#8217;s prototypes or large-scale production, every piece mirrors our dedication to quality and cost-effective solutions in sheet metal fabrication. When seeking a reliable and professional sheet metal fabrication partner, choose us. Submit a detailed inquiry, and we&#8217;ll promptly provide [&hellip;]\" \/>\n<meta property=\"og:url\" content=\"https:\/\/tzrmetal.com\/de\/metal-products\/\" \/>\n<meta property=\"og:site_name\" content=\"TZR Sheet Metal\" \/>\n<meta property=\"article:modified_time\" content=\"2024-09-20T06:37:56+00:00\" \/>\n<meta property=\"og:image\" content=\"https:\/\/www.tzrmetal.com\/wp-content\/uploads\/2024\/09\/Ventilated-Sheet-Metal-Enclosures.jpg\" \/>\n<meta name=\"twitter:card\" content=\"summary_large_image\" \/>\n<meta name=\"twitter:label1\" content=\"Gesch\u00e4tzte Lesezeit\" \/>\n\t<meta name=\"twitter:data1\" content=\"2\u00a0Minuten\" \/>\n<script type=\"application\/ld+json\" class=\"yoast-schema-graph\">{\"@context\":\"https:\/\/schema.org\",\"@graph\":[{\"@type\":\"WebPage\",\"@id\":\"https:\/\/tzrmetal.com\/metal-products\/\",\"url\":\"https:\/\/tzrmetal.com\/metal-products\/\",\"name\":\"Metal Products - TZR Sheet Metal\",\"isPartOf\":{\"@id\":\"https:\/\/tzrmetal.com\/#website\"},\"primaryImageOfPage\":{\"@id\":\"https:\/\/tzrmetal.com\/metal-products\/#primaryimage\"},\"image\":{\"@id\":\"https:\/\/tzrmetal.com\/metal-products\/#primaryimage\"},\"thumbnailUrl\":\"https:\/\/www.tzrmetal.com\/wp-content\/uploads\/2024\/09\/Ventilated-Sheet-Metal-Enclosures.jpg\",\"datePublished\":\"2024-03-25T08:06:45+00:00\",\"dateModified\":\"2024-09-20T06:37:56+00:00\",\"breadcrumb\":{\"@id\":\"https:\/\/tzrmetal.com\/metal-products\/#breadcrumb\"},\"inLanguage\":\"de\",\"potentialAction\":[{\"@type\":\"ReadAction\",\"target\":[\"https:\/\/tzrmetal.com\/metal-products\/\"]}]},{\"@type\":\"ImageObject\",\"inLanguage\":\"de\",\"@id\":\"https:\/\/tzrmetal.com\/metal-products\/#primaryimage\",\"url\":\"https:\/\/tzrmetal.com\/wp-content\/uploads\/2024\/09\/Ventilated-Sheet-Metal-Enclosures.jpg\",\"contentUrl\":\"https:\/\/tzrmetal.com\/wp-content\/uploads\/2024\/09\/Ventilated-Sheet-Metal-Enclosures.jpg\",\"width\":1000,\"height\":750,\"caption\":\"Ventilated Sheet Metal Enclosures\"},{\"@type\":\"BreadcrumbList\",\"@id\":\"https:\/\/tzrmetal.com\/metal-products\/#breadcrumb\",\"itemListElement\":[{\"@type\":\"ListItem\",\"position\":1,\"name\":\"Home\",\"item\":\"https:\/\/tzrmetal.com\/fr\/\"},{\"@type\":\"ListItem\",\"position\":2,\"name\":\"Metal Products\"}]},{\"@type\":\"WebSite\",\"@id\":\"https:\/\/tzrmetal.com\/#website\",\"url\":\"https:\/\/tzrmetal.com\/\",\"name\":\"tzrsheetmetal\",\"description\":\"My WordPress Blog\",\"publisher\":{\"@id\":\"https:\/\/tzrmetal.com\/#organization\"},\"potentialAction\":[{\"@type\":\"SearchAction\",\"target\":{\"@type\":\"EntryPoint\",\"urlTemplate\":\"https:\/\/tzrmetal.com\/?s={search_term_string}\"},\"query-input\":\"required name=search_term_string\"}],\"inLanguage\":\"de\"},{\"@type\":\"Organization\",\"@id\":\"https:\/\/tzrmetal.com\/#organization\",\"name\":\"TZR Sheet Metal\",\"url\":\"https:\/\/tzrmetal.com\/\",\"logo\":{\"@type\":\"ImageObject\",\"inLanguage\":\"de\",\"@id\":\"https:\/\/tzrmetal.com\/#\/schema\/logo\/image\/\",\"url\":\"https:\/\/tzrmetal.com\/wp-content\/uploads\/2024\/03\/TZR-logo.png\",\"contentUrl\":\"https:\/\/tzrmetal.com\/wp-content\/uploads\/2024\/03\/TZR-logo.png\",\"width\":1749,\"height\":646,\"caption\":\"TZR Sheet Metal\"},\"image\":{\"@id\":\"https:\/\/tzrmetal.com\/#\/schema\/logo\/image\/\"}}]}<\/script>\n<!-- \/ Yoast SEO plugin. -->","yoast_head_json":{"title":"Metal Products - TZR Sheet Metal","robots":{"index":"index","follow":"follow","max-snippet":"max-snippet:-1","max-image-preview":"max-image-preview:large","max-video-preview":"max-video-preview:-1"},"canonical":"https:\/\/tzrmetal.com\/de\/metal-products\/","og_locale":"de_DE","og_type":"article","og_title":"Metal Products - TZR Sheet Metal","og_description":"Metal Products Manufacturer \u2014 Look No Further Discover TZR&#8217;s collection of meticulously crafted metal products. Whether it&#8217;s prototypes or large-scale production, every piece mirrors our dedication to quality and cost-effective solutions in sheet metal fabrication. When seeking a reliable and professional sheet metal fabrication partner, choose us. Submit a detailed inquiry, and we&#8217;ll promptly provide [&hellip;]","og_url":"https:\/\/tzrmetal.com\/de\/metal-products\/","og_site_name":"TZR Sheet Metal","article_modified_time":"2024-09-20T06:37:56+00:00","og_image":[{"url":"https:\/\/www.tzrmetal.com\/wp-content\/uploads\/2024\/09\/Ventilated-Sheet-Metal-Enclosures.jpg"}],"twitter_card":"summary_large_image","twitter_misc":{"Gesch\u00e4tzte Lesezeit":"2\u00a0Minuten"},"schema":{"@context":"https:\/\/schema.org","@graph":[{"@type":"WebPage","@id":"https:\/\/tzrmetal.com\/metal-products\/","url":"https:\/\/tzrmetal.com\/metal-products\/","name":"Metal Products - TZR Sheet Metal","isPartOf":{"@id":"https:\/\/tzrmetal.com\/#website"},"primaryImageOfPage":{"@id":"https:\/\/tzrmetal.com\/metal-products\/#primaryimage"},"image":{"@id":"https:\/\/tzrmetal.com\/metal-products\/#primaryimage"},"thumbnailUrl":"https:\/\/www.tzrmetal.com\/wp-content\/uploads\/2024\/09\/Ventilated-Sheet-Metal-Enclosures.jpg","datePublished":"2024-03-25T08:06:45+00:00","dateModified":"2024-09-20T06:37:56+00:00","breadcrumb":{"@id":"https:\/\/tzrmetal.com\/metal-products\/#breadcrumb"},"inLanguage":"de","potentialAction":[{"@type":"ReadAction","target":["https:\/\/tzrmetal.com\/metal-products\/"]}]},{"@type":"ImageObject","inLanguage":"de","@id":"https:\/\/tzrmetal.com\/metal-products\/#primaryimage","url":"https:\/\/tzrmetal.com\/wp-content\/uploads\/2024\/09\/Ventilated-Sheet-Metal-Enclosures.jpg","contentUrl":"https:\/\/tzrmetal.com\/wp-content\/uploads\/2024\/09\/Ventilated-Sheet-Metal-Enclosures.jpg","width":1000,"height":750,"caption":"Ventilated Sheet Metal Enclosures"},{"@type":"BreadcrumbList","@id":"https:\/\/tzrmetal.com\/metal-products\/#breadcrumb","itemListElement":[{"@type":"ListItem","position":1,"name":"Home","item":"https:\/\/tzrmetal.com\/fr\/"},{"@type":"ListItem","position":2,"name":"Metal Products"}]},{"@type":"WebSite","@id":"https:\/\/tzrmetal.com\/#website","url":"https:\/\/tzrmetal.com\/","name":"tzrsheetmetal","description":"My WordPress Blog","publisher":{"@id":"https:\/\/tzrmetal.com\/#organization"},"potentialAction":[{"@type":"SearchAction","target":{"@type":"EntryPoint","urlTemplate":"https:\/\/tzrmetal.com\/?s={search_term_string}"},"query-input":"required name=search_term_string"}],"inLanguage":"de"},{"@type":"Organization","@id":"https:\/\/tzrmetal.com\/#organization","name":"TZR Sheet Metal","url":"https:\/\/tzrmetal.com\/","logo":{"@type":"ImageObject","inLanguage":"de","@id":"https:\/\/tzrmetal.com\/#\/schema\/logo\/image\/","url":"https:\/\/tzrmetal.com\/wp-content\/uploads\/2024\/03\/TZR-logo.png","contentUrl":"https:\/\/tzrmetal.com\/wp-content\/uploads\/2024\/03\/TZR-logo.png","width":1749,"height":646,"caption":"TZR Sheet Metal"},"image":{"@id":"https:\/\/tzrmetal.com\/#\/schema\/logo\/image\/"}}]}},"_links":{"self":[{"href":"https:\/\/tzrmetal.com\/de\/wp-json\/wp\/v2\/pages\/185","targetHints":{"allow":["GET"]}}],"collection":[{"href":"https:\/\/tzrmetal.com\/de\/wp-json\/wp\/v2\/pages"}],"about":[{"href":"https:\/\/tzrmetal.com\/de\/wp-json\/wp\/v2\/types\/page"}],"author":[{"embeddable":true,"href":"https:\/\/tzrmetal.com\/de\/wp-json\/wp\/v2\/users\/4"}],"replies":[{"embeddable":true,"href":"https:\/\/tzrmetal.com\/de\/wp-json\/wp\/v2\/comments?post=185"}],"version-history":[{"count":22,"href":"https:\/\/tzrmetal.com\/de\/wp-json\/wp\/v2\/pages\/185\/revisions"}],"predecessor-version":[{"id":3170,"href":"https:\/\/tzrmetal.com\/de\/wp-json\/wp\/v2\/pages\/185\/revisions\/3170"}],"wp:attachment":[{"href":"https:\/\/tzrmetal.com\/de\/wp-json\/wp\/v2\/media?parent=185"}],"curies":[{"name":"wp","href":"https:\/\/api.w.org\/{rel}","templated":true}]}}