{"id":61,"date":"2024-03-25T03:04:35","date_gmt":"2024-03-25T03:04:35","guid":{"rendered":"https:\/\/www.tzrmetal.com\/?page_id=61"},"modified":"2025-05-16T03:10:29","modified_gmt":"2025-05-16T03:10:29","slug":"blogs","status":"publish","type":"page","link":"https:\/\/tzrmetal.com\/es\/blogs\/","title":{"rendered":"Blogs"},"content":{"rendered":"<div data-elementor-type=\"wp-page\" data-elementor-id=\"61\" class=\"elementor elementor-61\" data-elementor-post-type=\"page\">\n\t\t\t\t\t\t<section class=\"elementor-section elementor-top-section elementor-element elementor-element-0d0eb43 elementor-section-boxed elementor-section-height-default elementor-section-height-default\" data-id=\"0d0eb43\" data-element_type=\"section\" data-e-type=\"section\">\n\t\t\t\t\t\t\t<div class=\"elementor-background-overlay\"><\/div>\n\t\t\t\t\t\t\t<div class=\"elementor-container elementor-column-gap-default\">\n\t\t\t\t\t<div class=\"elementor-column elementor-col-100 elementor-top-column elementor-element elementor-element-400ba75\" data-id=\"400ba75\" data-element_type=\"column\" data-e-type=\"column\">\n\t\t\t<div class=\"elementor-widget-wrap elementor-element-populated\">\n\t\t\t\t\t\t<div class=\"elementor-element elementor-element-1ce658a elementor-grid-3 elementor-grid-tablet-2 elementor-grid-mobile-1 pp-post-filters-align-left pp-search-form-icon elementor-widget elementor-widget-pp-posts\" data-id=\"1ce658a\" data-element_type=\"widget\" data-e-type=\"widget\" data-widget_type=\"pp-posts.classic\">\n\t\t\t\t<div class=\"elementor-widget-container\">\n\t\t\t\t\t\t\t<div class=\"pp-post-filters-container\" data-search-form=\"show\" data-search-action=\"button-click\">\n\t\t\t\t\t\t<div class=\"pp-post-filters-wrap pp-post-filters-dropdown-no\">\n\t\t\t\t<ul class=\"pp-post-filters\">\n\t\t\t\t\t\t\t\t\t\t\t<li class=\"pp-post-filter pp-filter-current\" data-filter=\"*\" data-taxonomy=\"\">Todos<\/li>\n\t\t\t\t\t\t\t\t\t\t\t\t\t\t\t\t\t\t\t\t\t\t\t\t\t\t\t\t\t\t<li class=\"pp-post-filter\" data-filter=\".uncategorized\" data-taxonomy=\".category\">Sin categor\u00eda<\/li>\n\t\t\t\t\t\t\t\t\t\t\t<\/ul>\n\n\t\t\t\t\t\t\t<\/div>\n\t\t\t\t\t\t\t\t<div class=\"pp-search-form-container\">\n\t\t\t<div class=\"pp-search-form\">\n\t\t\t\t<input placeholder=\"Buscar...\" class=\"pp-search-form-input\" type=\"search\" name=\"s\" title=\"Buscar en\">\n\t\t\t\t<button class=\"pp-search-form-submit\" type=\"submit\" title=\"Buscar en\" aria-label=\"Buscar en\">\n\t\t\t\t\t\t\t\t\t\t\t<div class=\"e-font-icon-svg-container\"><svg aria-hidden=\"true\" class=\"e-font-icon-svg e-fas-search\" viewbox=\"0 0 512 512\" xmlns=\"http:\/\/www.w3.org\/2000\/svg\"><path d=\"M505 442.7L405.3 343c-4.5-4.5-10.6-7-17-7H372c27.6-35.3 44-79.7 44-128C416 93.1 322.9 0 208 0S0 93.1 0 208s93.1 208 208 208c48.3 0 92.7-16.4 128-44v16.3c0 6.4 2.5 12.5 7 17l99.7 99.7c9.4 9.4 24.6 9.4 33.9 0l28.3-28.3c9.4-9.4 9.4-24.6.1-34zM208 336c-70.7 0-128-57.2-128-128 0-70.7 57.2-128 128-128 70.7 0 128 57.2 128 128 0 70.7-57.2 128-128 128z\"><\/path><\/svg><\/div>\t\t\t\t\t\t<span class=\"elementor-screen-only\">Buscar en<\/span>\n\t\t\t\t\t\t\t\t\t<\/button>\n\t\t\t<\/div>\n\t\t<\/div>\n\t\t\t\t<\/div>\n\t\t\t\t<div class=\"pp-posts-container\">\n\t\t\t\n\t\t\t\t\t\t\t\t\t\t\n\t\t\t<div class=\"pp-posts pp-posts-skin-classic elementor-grid pp-posts-grid\" data-query-type=\"custom\" data-layout=\"grid\" data-page=\"61\" data-skin=\"classic\">\n\t\t\t\t\t\t\t\t\t\t\t<div class=\"pp-post-wrap pp-grid-item-wrap elementor-grid-item post-7875 post type-post status-publish format-standard has-post-thumbnail hentry category-uncategorized\">\n\t\t\t\t\t\t<div class=\"pp-post pp-grid-item\">\n\t\t\t\t\t\t<div class=\"pp-post-thumbnail\">\n\t\t\t<a class=\"pp-post-thumbnail-wrap\" href=\"https:\/\/tzrmetal.com\/es\/common-welding-defects\/\" title=\"9 Defectos comunes de soldadura: Causas, prevenci\u00f3n y soluciones\">\n\t\t\t\t<img fetchpriority=\"high\" decoding=\"async\" width=\"750\" height=\"422\" src=\"https:\/\/tzrmetal.com\/wp-content\/uploads\/2026\/04\/Common-Welding-Defects-in-Real-Production.jpg\" class=\"attachment-large size-large wp-image-7877\" alt=\"Defectos comunes de soldadura en la producci\u00f3n real\" srcset=\"https:\/\/tzrmetal.com\/wp-content\/uploads\/2026\/04\/Common-Welding-Defects-in-Real-Production.jpg 750w, https:\/\/tzrmetal.com\/wp-content\/uploads\/2026\/04\/Common-Welding-Defects-in-Real-Production-300x169.jpg 300w, https:\/\/tzrmetal.com\/wp-content\/uploads\/2026\/04\/Common-Welding-Defects-in-Real-Production-18x10.jpg 18w\" sizes=\"(max-width: 750px) 100vw, 750px\" \/>\t\t\t<\/a>\n\t\t<\/div>\n\t\t\n\t\t\t\t\n\t\t\t\t<div class=\"pp-post-content-wrap\">\n\t\t\t\t\t<div class=\"pp-post-content\">\n\t\t\t\t\t\t\t\t\t\t\t\t<h2 class=\"pp-post-title\">\n\t\t\t\t<a href=\"https:\/\/tzrmetal.com\/es\/common-welding-defects\/\">9 Defectos comunes de soldadura: Causas, prevenci\u00f3n y soluciones<\/a>\t\t\t<\/h2>\n\t\t\t\t\t\t\t\t<\/div>\n\t\t\t\t\t\t\t\t\t<\/div>\n\n\t\t\t\t\t\t\t<\/div>\n\t\t\t\t\t<\/div>\n\t\t\t\t<div class=\"pp-post-wrap pp-grid-item-wrap elementor-grid-item post-7869 post type-post status-publish format-standard has-post-thumbnail hentry category-uncategorized\">\n\t\t\t\t\t\t<div class=\"pp-post pp-grid-item\">\n\t\t\t\t\t\t<div class=\"pp-post-thumbnail\">\n\t\t\t<a class=\"pp-post-thumbnail-wrap\" href=\"https:\/\/tzrmetal.com\/es\/cutting-titanium\/\" title=\"Corte de titanio: Qu\u00e9 determina el coste, la vida \u00fatil de la herramienta y la estabilidad del proceso\">\n\t\t\t\t<img decoding=\"async\" width=\"750\" height=\"419\" src=\"https:\/\/tzrmetal.com\/wp-content\/uploads\/2026\/04\/Titanium-Machining.jpg\" class=\"attachment-large size-large wp-image-7870\" alt=\"Mecanizado del titanio\" srcset=\"https:\/\/tzrmetal.com\/wp-content\/uploads\/2026\/04\/Titanium-Machining.jpg 750w, https:\/\/tzrmetal.com\/wp-content\/uploads\/2026\/04\/Titanium-Machining-300x168.jpg 300w, https:\/\/tzrmetal.com\/wp-content\/uploads\/2026\/04\/Titanium-Machining-18x10.jpg 18w\" sizes=\"(max-width: 750px) 100vw, 750px\" \/>\t\t\t<\/a>\n\t\t<\/div>\n\t\t\n\t\t\t\t\n\t\t\t\t<div class=\"pp-post-content-wrap\">\n\t\t\t\t\t<div class=\"pp-post-content\">\n\t\t\t\t\t\t\t\t\t\t\t\t<h2 class=\"pp-post-title\">\n\t\t\t\t<a href=\"https:\/\/tzrmetal.com\/es\/cutting-titanium\/\">Corte de titanio: Qu\u00e9 determina el coste, la vida \u00fatil de la herramienta y la estabilidad del proceso<\/a>\t\t\t<\/h2>\n\t\t\t\t\t\t\t\t<\/div>\n\t\t\t\t\t\t\t\t\t<\/div>\n\n\t\t\t\t\t\t\t<\/div>\n\t\t\t\t\t<\/div>\n\t\t\t\t<div class=\"pp-post-wrap pp-grid-item-wrap elementor-grid-item post-7860 post type-post status-publish format-standard has-post-thumbnail hentry category-uncategorized\">\n\t\t\t\t\t\t<div class=\"pp-post pp-grid-item\">\n\t\t\t\t\t\t<div class=\"pp-post-thumbnail\">\n\t\t\t<a class=\"pp-post-thumbnail-wrap\" href=\"https:\/\/tzrmetal.com\/es\/tapped-holes-vs-threaded-holes\/\" title=\"Taladros roscados frente a taladros roscados: Lo que realmente importa en la producci\u00f3n\">\n\t\t\t\t<img decoding=\"async\" width=\"750\" height=\"419\" src=\"https:\/\/tzrmetal.com\/wp-content\/uploads\/2026\/04\/Feature-vs-Process-in-Internal-Threads.jpg\" class=\"attachment-large size-large wp-image-7861\" alt=\"Funci\u00f3n frente a proceso en subprocesos internos\" srcset=\"https:\/\/tzrmetal.com\/wp-content\/uploads\/2026\/04\/Feature-vs-Process-in-Internal-Threads.jpg 750w, https:\/\/tzrmetal.com\/wp-content\/uploads\/2026\/04\/Feature-vs-Process-in-Internal-Threads-300x168.jpg 300w, https:\/\/tzrmetal.com\/wp-content\/uploads\/2026\/04\/Feature-vs-Process-in-Internal-Threads-18x10.jpg 18w\" sizes=\"(max-width: 750px) 100vw, 750px\" \/>\t\t\t<\/a>\n\t\t<\/div>\n\t\t\n\t\t\t\t\n\t\t\t\t<div class=\"pp-post-content-wrap\">\n\t\t\t\t\t<div class=\"pp-post-content\">\n\t\t\t\t\t\t\t\t\t\t\t\t<h2 class=\"pp-post-title\">\n\t\t\t\t<a href=\"https:\/\/tzrmetal.com\/es\/tapped-holes-vs-threaded-holes\/\">Taladros roscados frente a taladros roscados: Lo que realmente importa en la producci\u00f3n<\/a>\t\t\t<\/h2>\n\t\t\t\t\t\t\t\t<\/div>\n\t\t\t\t\t\t\t\t\t<\/div>\n\n\t\t\t\t\t\t\t<\/div>\n\t\t\t\t\t<\/div>\n\t\t\t\t<div class=\"pp-post-wrap pp-grid-item-wrap elementor-grid-item post-7800 post type-post status-publish format-standard has-post-thumbnail hentry category-uncategorized\">\n\t\t\t\t\t\t<div class=\"pp-post pp-grid-item\">\n\t\t\t\t\t\t<div class=\"pp-post-thumbnail\">\n\t\t\t<a class=\"pp-post-thumbnail-wrap\" href=\"https:\/\/tzrmetal.com\/es\/thread-machining\/\" title=\"Mecanizado de roscas: Gu\u00eda de ingenier\u00eda para la selecci\u00f3n de procesos y DFM\">\n\t\t\t\t<img loading=\"lazy\" decoding=\"async\" width=\"750\" height=\"419\" src=\"https:\/\/tzrmetal.com\/wp-content\/uploads\/2026\/04\/Thread-Quality-Starts-with-the-Right-Method.jpg\" class=\"attachment-large size-large wp-image-7852\" alt=\"La calidad del hilo empieza con el m\u00e9todo adecuado\" srcset=\"https:\/\/tzrmetal.com\/wp-content\/uploads\/2026\/04\/Thread-Quality-Starts-with-the-Right-Method.jpg 750w, https:\/\/tzrmetal.com\/wp-content\/uploads\/2026\/04\/Thread-Quality-Starts-with-the-Right-Method-300x168.jpg 300w, https:\/\/tzrmetal.com\/wp-content\/uploads\/2026\/04\/Thread-Quality-Starts-with-the-Right-Method-18x10.jpg 18w\" sizes=\"(max-width: 750px) 100vw, 750px\" \/>\t\t\t<\/a>\n\t\t<\/div>\n\t\t\n\t\t\t\t\n\t\t\t\t<div class=\"pp-post-content-wrap\">\n\t\t\t\t\t<div class=\"pp-post-content\">\n\t\t\t\t\t\t\t\t\t\t\t\t<h2 class=\"pp-post-title\">\n\t\t\t\t<a href=\"https:\/\/tzrmetal.com\/es\/thread-machining\/\">Mecanizado de roscas: Gu\u00eda de ingenier\u00eda para la selecci\u00f3n de procesos y DFM<\/a>\t\t\t<\/h2>\n\t\t\t\t\t\t\t\t<\/div>\n\t\t\t\t\t\t\t\t\t<\/div>\n\n\t\t\t\t\t\t\t<\/div>\n\t\t\t\t\t<\/div>\n\t\t\t\t<div class=\"pp-post-wrap pp-grid-item-wrap elementor-grid-item post-7741 post type-post status-publish format-standard has-post-thumbnail hentry category-uncategorized\">\n\t\t\t\t\t\t<div class=\"pp-post pp-grid-item\">\n\t\t\t\t\t\t<div class=\"pp-post-thumbnail\">\n\t\t\t<a class=\"pp-post-thumbnail-wrap\" href=\"https:\/\/tzrmetal.com\/es\/silk-screen-printing-on-metal\/\" title=\"Serigraf\u00eda sobre metal: Qu\u00e9 afecta al resultado\">\n\t\t\t\t<img loading=\"lazy\" decoding=\"async\" width=\"700\" height=\"391\" src=\"https:\/\/tzrmetal.com\/wp-content\/uploads\/2026\/04\/Quality-Silk-Screen-Printing-on-a-Sheet-Metal-Enclosure.jpg\" class=\"attachment-large size-large wp-image-7742\" alt=\"Serigraf\u00eda de calidad en una caja de chapa met\u00e1lica\" srcset=\"https:\/\/tzrmetal.com\/wp-content\/uploads\/2026\/04\/Quality-Silk-Screen-Printing-on-a-Sheet-Metal-Enclosure.jpg 700w, https:\/\/tzrmetal.com\/wp-content\/uploads\/2026\/04\/Quality-Silk-Screen-Printing-on-a-Sheet-Metal-Enclosure-300x168.jpg 300w, https:\/\/tzrmetal.com\/wp-content\/uploads\/2026\/04\/Quality-Silk-Screen-Printing-on-a-Sheet-Metal-Enclosure-18x10.jpg 18w\" sizes=\"(max-width: 700px) 100vw, 700px\" \/>\t\t\t<\/a>\n\t\t<\/div>\n\t\t\n\t\t\t\t\n\t\t\t\t<div class=\"pp-post-content-wrap\">\n\t\t\t\t\t<div class=\"pp-post-content\">\n\t\t\t\t\t\t\t\t\t\t\t\t<h2 class=\"pp-post-title\">\n\t\t\t\t<a href=\"https:\/\/tzrmetal.com\/es\/silk-screen-printing-on-metal\/\">Serigraf\u00eda sobre metal: Qu\u00e9 afecta al resultado<\/a>\t\t\t<\/h2>\n\t\t\t\t\t\t\t\t<\/div>\n\t\t\t\t\t\t\t\t\t<\/div>\n\n\t\t\t\t\t\t\t<\/div>\n\t\t\t\t\t<\/div>\n\t\t\t\t<div class=\"pp-post-wrap pp-grid-item-wrap elementor-grid-item post-7733 post type-post status-publish format-standard has-post-thumbnail hentry category-uncategorized\">\n\t\t\t\t\t\t<div class=\"pp-post pp-grid-item\">\n\t\t\t\t\t\t<div class=\"pp-post-thumbnail\">\n\t\t\t<a class=\"pp-post-thumbnail-wrap\" href=\"https:\/\/tzrmetal.com\/es\/cut-aluminum\/\" title=\"C\u00f3mo cortar aluminio: Elegir el m\u00e9todo adecuado para obtener mejores resultados\">\n\t\t\t\t<img loading=\"lazy\" decoding=\"async\" width=\"750\" height=\"500\" src=\"https:\/\/tzrmetal.com\/wp-content\/uploads\/2026\/04\/Comparison-of-Aluminum-Cutting-Methods.jpg\" class=\"attachment-large size-large wp-image-7735\" alt=\"Comparaci\u00f3n de m\u00e9todos de corte de aluminio\" srcset=\"https:\/\/tzrmetal.com\/wp-content\/uploads\/2026\/04\/Comparison-of-Aluminum-Cutting-Methods.jpg 750w, https:\/\/tzrmetal.com\/wp-content\/uploads\/2026\/04\/Comparison-of-Aluminum-Cutting-Methods-300x200.jpg 300w, https:\/\/tzrmetal.com\/wp-content\/uploads\/2026\/04\/Comparison-of-Aluminum-Cutting-Methods-18x12.jpg 18w\" sizes=\"(max-width: 750px) 100vw, 750px\" \/>\t\t\t<\/a>\n\t\t<\/div>\n\t\t\n\t\t\t\t\n\t\t\t\t<div class=\"pp-post-content-wrap\">\n\t\t\t\t\t<div class=\"pp-post-content\">\n\t\t\t\t\t\t\t\t\t\t\t\t<h2 class=\"pp-post-title\">\n\t\t\t\t<a href=\"https:\/\/tzrmetal.com\/es\/cut-aluminum\/\">C\u00f3mo cortar aluminio: Elegir el m\u00e9todo adecuado para obtener mejores resultados<\/a>\t\t\t<\/h2>\n\t\t\t\t\t\t\t\t<\/div>\n\t\t\t\t\t\t\t\t\t<\/div>\n\n\t\t\t\t\t\t\t<\/div>\n\t\t\t\t\t<\/div>\n\t\t\t\t\t\t\t\t\t<\/div>\n\t\t\t\n\t\t\t\n\t\t\t\n\t\t\t\n\t\t\t\t\t\t\t\t\t\t\t<div class=\"pp-posts-pagination-wrap pp-posts-pagination-bottom\">\n\t\t\t\t\t\t\t\t<nav class=\"pp-posts-pagination pp-posts-pagination-ajax elementor-pagination\" role=\"navigation\" aria-label=\"Paginaci\u00f3n\" data-total=\"18\">\n\t\t\t\t<span aria-current=\"page\" class=\"page-numbers current\">1<\/span>\n<a class=\"page-numbers\" href=\"https:\/\/tzrmetal.com\/wp-json\/wp\/v2\/pages\/61\/page\/2\/\">2<\/a>\n<a class=\"page-numbers\" href=\"https:\/\/tzrmetal.com\/wp-json\/wp\/v2\/pages\/61\/page\/3\/\">3<\/a>\n<span class=\"page-numbers dots\">...<\/span>\n<a class=\"page-numbers\" href=\"https:\/\/tzrmetal.com\/wp-json\/wp\/v2\/pages\/61\/page\/18\/\">18<\/a>\n<a class=\"next page-numbers\" href=\"https:\/\/tzrmetal.com\/wp-json\/wp\/v2\/pages\/61\/page\/2\/\">Siguiente \"<\/a>\t\t\t<\/nav>\n\t\t\t\t\t\t\t<\/div>\n\t\t\t\t\t\t\t\t\t<\/div>\n\n\t\t\n\t\t\t\t\t\t<\/div>\n\t\t\t\t<\/div>\n\t\t\t\t\t<\/div>\n\t\t<\/div>\n\t\t\t\t\t<\/div>\n\t\t<\/section>\n\t\t\t\t<\/div>","protected":false},"excerpt":{"rendered":"<p>Todos Sin categor\u00eda Buscar Dominio de la fabricaci\u00f3n de carrocer\u00edas: La gu\u00eda definitiva del proceso Unibody vs Body on Frame: Lo que debe saber Metales ligeros: Gu\u00eda completa de propiedades, tipos, aplicaciones y fabricaci\u00f3n Comparaci\u00f3n entre aluminio 6061 y 7075: \u00bfQu\u00e9 aleaci\u00f3n es mejor para su proyecto? Explicaci\u00f3n de los Acabados del Aluminio: C\u00f3mo elegir el mejor para su proyecto Titanio vs Aluminio: [...]<\/p>","protected":false},"author":4,"featured_media":0,"parent":0,"menu_order":15,"comment_status":"closed","ping_status":"closed","template":"","meta":{"_acf_changed":false,"footnotes":""},"class_list":["post-61","page","type-page","status-publish","hentry"],"acf":[],"yoast_head":"<!-- This site is optimized with the Yoast SEO plugin v22.3 - https:\/\/yoast.com\/wordpress\/plugins\/seo\/ -->\n<title>Blogs - TZR Sheet Metal<\/title>\n<meta name=\"robots\" content=\"index, follow, max-snippet:-1, max-image-preview:large, max-video-preview:-1\" \/>\n<link rel=\"canonical\" href=\"https:\/\/tzrmetal.com\/es\/blogs\/\" \/>\n<meta property=\"og:locale\" content=\"es_ES\" \/>\n<meta property=\"og:type\" content=\"article\" \/>\n<meta property=\"og:title\" content=\"Blogs - TZR Sheet Metal\" \/>\n<meta property=\"og:description\" content=\"All Uncategorized Search Mastering Auto Body Fabrication: The Ultimate Process Guide Unibody vs Body on Frame: What You Should Know Lightweight Metals: A Complete Guide to Properties, Types, Applications &amp; Fabrication 6061 vs 7075 Aluminum Comparison: Which Alloy is Best for Your Project? Aluminum Finishes Explained: Choosing the Best for Your Project Titanium vs Aluminum: [&hellip;]\" \/>\n<meta property=\"og:url\" content=\"https:\/\/tzrmetal.com\/es\/blogs\/\" \/>\n<meta property=\"og:site_name\" content=\"TZR Sheet Metal\" \/>\n<meta property=\"article:modified_time\" content=\"2025-05-16T03:10:29+00:00\" \/>\n<meta property=\"og:image\" content=\"https:\/\/www.tzrmetal.com\/wp-content\/uploads\/2025\/05\/Auto-Body-Fabrication-1.webp\" \/>\n<meta name=\"twitter:card\" content=\"summary_large_image\" \/>\n<meta name=\"twitter:label1\" content=\"Tiempo de lectura\" \/>\n\t<meta name=\"twitter:data1\" content=\"2 minutos\" \/>\n<script type=\"application\/ld+json\" class=\"yoast-schema-graph\">{\"@context\":\"https:\/\/schema.org\",\"@graph\":[{\"@type\":\"WebPage\",\"@id\":\"https:\/\/tzrmetal.com\/blogs\/\",\"url\":\"https:\/\/tzrmetal.com\/blogs\/\",\"name\":\"Blogs - TZR Sheet Metal\",\"isPartOf\":{\"@id\":\"https:\/\/tzrmetal.com\/#website\"},\"primaryImageOfPage\":{\"@id\":\"https:\/\/tzrmetal.com\/blogs\/#primaryimage\"},\"image\":{\"@id\":\"https:\/\/tzrmetal.com\/blogs\/#primaryimage\"},\"thumbnailUrl\":\"https:\/\/www.tzrmetal.com\/wp-content\/uploads\/2025\/05\/Auto-Body-Fabrication-1.webp\",\"datePublished\":\"2024-03-25T03:04:35+00:00\",\"dateModified\":\"2025-05-16T03:10:29+00:00\",\"breadcrumb\":{\"@id\":\"https:\/\/tzrmetal.com\/blogs\/#breadcrumb\"},\"inLanguage\":\"es\",\"potentialAction\":[{\"@type\":\"ReadAction\",\"target\":[\"https:\/\/tzrmetal.com\/blogs\/\"]}]},{\"@type\":\"ImageObject\",\"inLanguage\":\"es\",\"@id\":\"https:\/\/tzrmetal.com\/blogs\/#primaryimage\",\"url\":\"https:\/\/tzrmetal.com\/wp-content\/uploads\/2025\/05\/Auto-Body-Fabrication-1.webp\",\"contentUrl\":\"https:\/\/tzrmetal.com\/wp-content\/uploads\/2025\/05\/Auto-Body-Fabrication-1.webp\",\"width\":1024,\"height\":768,\"caption\":\"Auto Body Fabrication (1)\"},{\"@type\":\"BreadcrumbList\",\"@id\":\"https:\/\/tzrmetal.com\/blogs\/#breadcrumb\",\"itemListElement\":[{\"@type\":\"ListItem\",\"position\":1,\"name\":\"Home\",\"item\":\"https:\/\/tzrmetal.com\/fr\/\"},{\"@type\":\"ListItem\",\"position\":2,\"name\":\"Blogs\"}]},{\"@type\":\"WebSite\",\"@id\":\"https:\/\/tzrmetal.com\/#website\",\"url\":\"https:\/\/tzrmetal.com\/\",\"name\":\"tzrsheetmetal\",\"description\":\"My WordPress Blog\",\"publisher\":{\"@id\":\"https:\/\/tzrmetal.com\/#organization\"},\"potentialAction\":[{\"@type\":\"SearchAction\",\"target\":{\"@type\":\"EntryPoint\",\"urlTemplate\":\"https:\/\/tzrmetal.com\/?s={search_term_string}\"},\"query-input\":\"required name=search_term_string\"}],\"inLanguage\":\"es\"},{\"@type\":\"Organization\",\"@id\":\"https:\/\/tzrmetal.com\/#organization\",\"name\":\"TZR Sheet Metal\",\"url\":\"https:\/\/tzrmetal.com\/\",\"logo\":{\"@type\":\"ImageObject\",\"inLanguage\":\"es\",\"@id\":\"https:\/\/tzrmetal.com\/#\/schema\/logo\/image\/\",\"url\":\"https:\/\/tzrmetal.com\/wp-content\/uploads\/2024\/03\/TZR-logo.png\",\"contentUrl\":\"https:\/\/tzrmetal.com\/wp-content\/uploads\/2024\/03\/TZR-logo.png\",\"width\":1749,\"height\":646,\"caption\":\"TZR Sheet Metal\"},\"image\":{\"@id\":\"https:\/\/tzrmetal.com\/#\/schema\/logo\/image\/\"}}]}<\/script>\n<!-- \/ Yoast SEO plugin. -->","yoast_head_json":{"title":"Blogs - TZR Sheet Metal","robots":{"index":"index","follow":"follow","max-snippet":"max-snippet:-1","max-image-preview":"max-image-preview:large","max-video-preview":"max-video-preview:-1"},"canonical":"https:\/\/tzrmetal.com\/es\/blogs\/","og_locale":"es_ES","og_type":"article","og_title":"Blogs - TZR Sheet Metal","og_description":"All Uncategorized Search Mastering Auto Body Fabrication: The Ultimate Process Guide Unibody vs Body on Frame: What You Should Know Lightweight Metals: A Complete Guide to Properties, Types, Applications &amp; Fabrication 6061 vs 7075 Aluminum Comparison: Which Alloy is Best for Your Project? Aluminum Finishes Explained: Choosing the Best for Your Project Titanium vs Aluminum: [&hellip;]","og_url":"https:\/\/tzrmetal.com\/es\/blogs\/","og_site_name":"TZR Sheet Metal","article_modified_time":"2025-05-16T03:10:29+00:00","og_image":[{"url":"https:\/\/www.tzrmetal.com\/wp-content\/uploads\/2025\/05\/Auto-Body-Fabrication-1.webp"}],"twitter_card":"summary_large_image","twitter_misc":{"Tiempo de lectura":"2 minutos"},"schema":{"@context":"https:\/\/schema.org","@graph":[{"@type":"WebPage","@id":"https:\/\/tzrmetal.com\/blogs\/","url":"https:\/\/tzrmetal.com\/blogs\/","name":"Blogs - TZR Sheet Metal","isPartOf":{"@id":"https:\/\/tzrmetal.com\/#website"},"primaryImageOfPage":{"@id":"https:\/\/tzrmetal.com\/blogs\/#primaryimage"},"image":{"@id":"https:\/\/tzrmetal.com\/blogs\/#primaryimage"},"thumbnailUrl":"https:\/\/www.tzrmetal.com\/wp-content\/uploads\/2025\/05\/Auto-Body-Fabrication-1.webp","datePublished":"2024-03-25T03:04:35+00:00","dateModified":"2025-05-16T03:10:29+00:00","breadcrumb":{"@id":"https:\/\/tzrmetal.com\/blogs\/#breadcrumb"},"inLanguage":"es","potentialAction":[{"@type":"ReadAction","target":["https:\/\/tzrmetal.com\/blogs\/"]}]},{"@type":"ImageObject","inLanguage":"es","@id":"https:\/\/tzrmetal.com\/blogs\/#primaryimage","url":"https:\/\/tzrmetal.com\/wp-content\/uploads\/2025\/05\/Auto-Body-Fabrication-1.webp","contentUrl":"https:\/\/tzrmetal.com\/wp-content\/uploads\/2025\/05\/Auto-Body-Fabrication-1.webp","width":1024,"height":768,"caption":"Auto Body Fabrication (1)"},{"@type":"BreadcrumbList","@id":"https:\/\/tzrmetal.com\/blogs\/#breadcrumb","itemListElement":[{"@type":"ListItem","position":1,"name":"Home","item":"https:\/\/tzrmetal.com\/fr\/"},{"@type":"ListItem","position":2,"name":"Blogs"}]},{"@type":"WebSite","@id":"https:\/\/tzrmetal.com\/#website","url":"https:\/\/tzrmetal.com\/","name":"tzrsheetmetal","description":"My WordPress Blog","publisher":{"@id":"https:\/\/tzrmetal.com\/#organization"},"potentialAction":[{"@type":"SearchAction","target":{"@type":"EntryPoint","urlTemplate":"https:\/\/tzrmetal.com\/?s={search_term_string}"},"query-input":"required name=search_term_string"}],"inLanguage":"es"},{"@type":"Organization","@id":"https:\/\/tzrmetal.com\/#organization","name":"TZR Sheet Metal","url":"https:\/\/tzrmetal.com\/","logo":{"@type":"ImageObject","inLanguage":"es","@id":"https:\/\/tzrmetal.com\/#\/schema\/logo\/image\/","url":"https:\/\/tzrmetal.com\/wp-content\/uploads\/2024\/03\/TZR-logo.png","contentUrl":"https:\/\/tzrmetal.com\/wp-content\/uploads\/2024\/03\/TZR-logo.png","width":1749,"height":646,"caption":"TZR Sheet Metal"},"image":{"@id":"https:\/\/tzrmetal.com\/#\/schema\/logo\/image\/"}}]}},"_links":{"self":[{"href":"https:\/\/tzrmetal.com\/es\/wp-json\/wp\/v2\/pages\/61","targetHints":{"allow":["GET"]}}],"collection":[{"href":"https:\/\/tzrmetal.com\/es\/wp-json\/wp\/v2\/pages"}],"about":[{"href":"https:\/\/tzrmetal.com\/es\/wp-json\/wp\/v2\/types\/page"}],"author":[{"embeddable":true,"href":"https:\/\/tzrmetal.com\/es\/wp-json\/wp\/v2\/users\/4"}],"replies":[{"embeddable":true,"href":"https:\/\/tzrmetal.com\/es\/wp-json\/wp\/v2\/comments?post=61"}],"version-history":[{"count":25,"href":"https:\/\/tzrmetal.com\/es\/wp-json\/wp\/v2\/pages\/61\/revisions"}],"predecessor-version":[{"id":5766,"href":"https:\/\/tzrmetal.com\/es\/wp-json\/wp\/v2\/pages\/61\/revisions\/5766"}],"wp:attachment":[{"href":"https:\/\/tzrmetal.com\/es\/wp-json\/wp\/v2\/media?parent=61"}],"curies":[{"name":"wp","href":"https:\/\/api.w.org\/{rel}","templated":true}]}}